{"id":172,"date":"2019-07-12T21:47:18","date_gmt":"2019-07-12T19:47:18","guid":{"rendered":"http:\/\/ancrage-btp.fr\/?page_id=172"},"modified":"2025-07-07T11:24:50","modified_gmt":"2025-07-07T09:24:50","slug":"soutenements","status":"publish","type":"page","link":"https:\/\/ancrage-btp.fr\/index.php\/nos-metiers\/soutenements\/","title":{"rendered":"Sout\u00e8nements"},"content":{"rendered":"<div class=\"wp-block-image\">\n<figure class=\"aligncenter is-resized\"><img loading=\"lazy\" decoding=\"async\" width=\"1284\" height=\"996\" src=\"http:\/\/ancrage-btp.fr\/wp-content\/uploads\/2019\/07\/picto-02-2.png\" alt=\"\" class=\"wp-image-163\" style=\"width:400px;height:300px\" srcset=\"https:\/\/ancrage-btp.fr\/wp-content\/uploads\/2019\/07\/picto-02-2.png 1284w, https:\/\/ancrage-btp.fr\/wp-content\/uploads\/2019\/07\/picto-02-2-300x233.png 300w, https:\/\/ancrage-btp.fr\/wp-content\/uploads\/2019\/07\/picto-02-2-768x596.png 768w, https:\/\/ancrage-btp.fr\/wp-content\/uploads\/2019\/07\/picto-02-2-1024x794.png 1024w\" sizes=\"(max-width: 1284px) 100vw, 1284px\" \/><\/figure><\/div>\n\n\n<p class=\"has-text-align-center has-dark-gray-color has-text-color\" style=\"font-size:17px\">ANCRAGE assure l\u2019ex\u00e9cution de sout\u00e8nements provisoires ou d\u00e9finitifs <br>afin de contenir la pouss\u00e9e des terres entre 2 niveaux distincts.<\/p>\n\n\n\n<p class=\"has-text-align-left has-dark-gray-color has-text-color\" style=\"font-size:17px\">Les diff\u00e9rentes techniques de sout\u00e8nements que nous proposons sont les suivantes\u00a0:<br>\u2022 Parois berlinoises<br>\u2022 Parois clou\u00e9es<br>\u2022 Palplanches<br>\u2022 Micropieux tangents<br>\u2022 Parois parisiennes<br>\u2022 Raidissement d\u2019un talus par mise en \u0153uvre d\u2019inclusions<\/p>\n\n\n\n<p class=\"has-text-align-center has-dark-gray-color has-text-color\" style=\"font-size:17px\">L\u2019intervention de nos \u00e9quipes peut se faire en amont d\u2019un projet <br>ou pour la r\u00e9paration d\u2019un sinistre apr\u00e8s glissement de terrain.<\/p>\n\n\n\n<figure class=\"wp-block-image alignwide size-large is-style-rounded\"><img loading=\"lazy\" decoding=\"async\" width=\"1024\" height=\"441\" src=\"https:\/\/ancrage-btp.fr\/wp-content\/uploads\/2022\/08\/Soutenements-Ancrage-1024x441.png\" alt=\"\" class=\"wp-image-723\" srcset=\"https:\/\/ancrage-btp.fr\/wp-content\/uploads\/2022\/08\/Soutenements-Ancrage-1024x441.png 1024w, https:\/\/ancrage-btp.fr\/wp-content\/uploads\/2022\/08\/Soutenements-Ancrage-300x129.png 300w, https:\/\/ancrage-btp.fr\/wp-content\/uploads\/2022\/08\/Soutenements-Ancrage-768x331.png 768w, https:\/\/ancrage-btp.fr\/wp-content\/uploads\/2022\/08\/Soutenements-Ancrage-1536x662.png 1536w, https:\/\/ancrage-btp.fr\/wp-content\/uploads\/2022\/08\/Soutenements-Ancrage-2048x882.png 2048w, https:\/\/ancrage-btp.fr\/wp-content\/uploads\/2022\/08\/Soutenements-Ancrage-1568x675.png 1568w\" sizes=\"(max-width: 1024px) 100vw, 1024px\" \/><\/figure>\n\n\n\n<hr class=\"wp-block-separator has-css-opacity\"\/>\n\n\n\n<h4 class=\"wp-block-heading\">Nos travaux de sout\u00e8nements<\/h4>\n\n\n\n<hr class=\"wp-block-separator has-css-opacity\"\/>\n\n\n\n<figure class=\"wp-block-image alignwide size-large\"><img loading=\"lazy\" decoding=\"async\" width=\"1024\" height=\"768\" src=\"https:\/\/ancrage-btp.fr\/wp-content\/uploads\/2022\/06\/ancrage-paroi-berlinoise-clouee-1024x768.jpg\" alt=\"\" class=\"wp-image-694\" srcset=\"https:\/\/ancrage-btp.fr\/wp-content\/uploads\/2022\/06\/ancrage-paroi-berlinoise-clouee-1024x768.jpg 1024w, https:\/\/ancrage-btp.fr\/wp-content\/uploads\/2022\/06\/ancrage-paroi-berlinoise-clouee-300x225.jpg 300w, https:\/\/ancrage-btp.fr\/wp-content\/uploads\/2022\/06\/ancrage-paroi-berlinoise-clouee-768x576.jpg 768w, https:\/\/ancrage-btp.fr\/wp-content\/uploads\/2022\/06\/ancrage-paroi-berlinoise-clouee-1536x1152.jpg 1536w, https:\/\/ancrage-btp.fr\/wp-content\/uploads\/2022\/06\/ancrage-paroi-berlinoise-clouee-2048x1536.jpg 2048w, https:\/\/ancrage-btp.fr\/wp-content\/uploads\/2022\/06\/ancrage-paroi-berlinoise-clouee-1568x1176.jpg 1568w\" sizes=\"(max-width: 1024px) 100vw, 1024px\" \/><figcaption class=\"wp-element-caption\">Construction d&rsquo;une paroi berlinoise clou\u00e9e d\u00e9finitive pour le confortement d&rsquo;un talus.<\/figcaption><\/figure>\n\n\n\n<hr class=\"wp-block-separator has-css-opacity\"\/>\n\n\n\n<figure class=\"wp-block-image alignwide size-large\"><img loading=\"lazy\" decoding=\"async\" width=\"1024\" height=\"512\" src=\"https:\/\/ancrage-btp.fr\/wp-content\/uploads\/2021\/11\/rideau-palplanches-ancrage-1024x512.jpg\" alt=\"\" class=\"wp-image-607\" srcset=\"https:\/\/ancrage-btp.fr\/wp-content\/uploads\/2021\/11\/rideau-palplanches-ancrage-1024x512.jpg 1024w, https:\/\/ancrage-btp.fr\/wp-content\/uploads\/2021\/11\/rideau-palplanches-ancrage-300x150.jpg 300w, https:\/\/ancrage-btp.fr\/wp-content\/uploads\/2021\/11\/rideau-palplanches-ancrage-768x384.jpg 768w, https:\/\/ancrage-btp.fr\/wp-content\/uploads\/2021\/11\/rideau-palplanches-ancrage-1536x768.jpg 1536w, https:\/\/ancrage-btp.fr\/wp-content\/uploads\/2021\/11\/rideau-palplanches-ancrage-1568x784.jpg 1568w, https:\/\/ancrage-btp.fr\/wp-content\/uploads\/2021\/11\/rideau-palplanches-ancrage.jpg 2048w\" sizes=\"(max-width: 1024px) 100vw, 1024px\" \/><figcaption class=\"wp-element-caption\">Construction d&rsquo;un rideau de palplanches clou\u00e9 et butonn\u00e9 pour la r\u00e9alisation de 3 niveaux de sous-sol.<\/figcaption><\/figure>\n\n\n\n<hr class=\"wp-block-separator has-css-opacity\"\/>\n\n\n\n<figure class=\"wp-block-image alignwide size-large\"><img loading=\"lazy\" decoding=\"async\" width=\"768\" height=\"1024\" src=\"https:\/\/ancrage-btp.fr\/wp-content\/uploads\/2021\/11\/rideau-palplanches-soutenement-768x1024.jpg\" alt=\"\" class=\"wp-image-610\" srcset=\"https:\/\/ancrage-btp.fr\/wp-content\/uploads\/2021\/11\/rideau-palplanches-soutenement-768x1024.jpg 768w, https:\/\/ancrage-btp.fr\/wp-content\/uploads\/2021\/11\/rideau-palplanches-soutenement-225x300.jpg 225w, https:\/\/ancrage-btp.fr\/wp-content\/uploads\/2021\/11\/rideau-palplanches-soutenement-1152x1536.jpg 1152w, https:\/\/ancrage-btp.fr\/wp-content\/uploads\/2021\/11\/rideau-palplanches-soutenement-1536x2048.jpg 1536w, https:\/\/ancrage-btp.fr\/wp-content\/uploads\/2021\/11\/rideau-palplanches-soutenement-1568x2091.jpg 1568w, https:\/\/ancrage-btp.fr\/wp-content\/uploads\/2021\/11\/rideau-palplanches-soutenement-scaled.jpg 1920w\" sizes=\"(max-width: 768px) 100vw, 768px\" \/><figcaption class=\"wp-element-caption\">Mise en place de palplanches par vibrofon\u00e7age, dans le cadre de la construction d&rsquo;un rideau de palplanches clou\u00e9 et butonn\u00e9.<\/figcaption><\/figure>\n\n\n\n<hr class=\"wp-block-separator has-css-opacity\"\/>\n\n\n\n<figure class=\"wp-block-image alignwide size-large\"><img loading=\"lazy\" decoding=\"async\" width=\"1024\" height=\"768\" src=\"https:\/\/ancrage-btp.fr\/wp-content\/uploads\/2021\/03\/BATTAGE-HEB-METTALIQUES-1024x768.jpg\" alt=\"\" class=\"wp-image-561\" srcset=\"https:\/\/ancrage-btp.fr\/wp-content\/uploads\/2021\/03\/BATTAGE-HEB-METTALIQUES-1024x768.jpg 1024w, https:\/\/ancrage-btp.fr\/wp-content\/uploads\/2021\/03\/BATTAGE-HEB-METTALIQUES-300x225.jpg 300w, https:\/\/ancrage-btp.fr\/wp-content\/uploads\/2021\/03\/BATTAGE-HEB-METTALIQUES-768x576.jpg 768w, https:\/\/ancrage-btp.fr\/wp-content\/uploads\/2021\/03\/BATTAGE-HEB-METTALIQUES.jpg 1500w\" sizes=\"(max-width: 1024px) 100vw, 1024px\" \/><figcaption class=\"wp-element-caption\">Battage de HEB m\u00e9talliques dans le cadre de la construction d&rsquo;une paroi berlinoise<\/figcaption><\/figure>\n\n\n\n<hr class=\"wp-block-separator has-css-opacity\"\/>\n\n\n\n<figure class=\"wp-block-image alignwide size-large\"><img loading=\"lazy\" decoding=\"async\" width=\"1024\" height=\"768\" src=\"https:\/\/ancrage-btp.fr\/wp-content\/uploads\/2021\/03\/PAROI-BERLINOISE-1024x768.jpg\" alt=\"\" class=\"wp-image-564\" srcset=\"https:\/\/ancrage-btp.fr\/wp-content\/uploads\/2021\/03\/PAROI-BERLINOISE-1024x768.jpg 1024w, https:\/\/ancrage-btp.fr\/wp-content\/uploads\/2021\/03\/PAROI-BERLINOISE-300x225.jpg 300w, https:\/\/ancrage-btp.fr\/wp-content\/uploads\/2021\/03\/PAROI-BERLINOISE-768x576.jpg 768w, https:\/\/ancrage-btp.fr\/wp-content\/uploads\/2021\/03\/PAROI-BERLINOISE.jpg 1500w\" sizes=\"(max-width: 1024px) 100vw, 1024px\" \/><figcaption class=\"wp-element-caption\">R\u00e9alisation d\u2019une paroi berlinoise clou\u00e9e en vue de la construction d&rsquo;une villa<\/figcaption><\/figure>\n\n\n\n<hr class=\"wp-block-separator has-css-opacity\"\/>\n\n\n\n<figure class=\"wp-block-image alignwide size-large\"><img loading=\"lazy\" decoding=\"async\" width=\"960\" height=\"720\" src=\"https:\/\/ancrage-btp.fr\/wp-content\/uploads\/2020\/09\/soutenement-ANCRAGE.jpg\" alt=\"\" class=\"wp-image-547\" srcset=\"https:\/\/ancrage-btp.fr\/wp-content\/uploads\/2020\/09\/soutenement-ANCRAGE.jpg 960w, https:\/\/ancrage-btp.fr\/wp-content\/uploads\/2020\/09\/soutenement-ANCRAGE-300x225.jpg 300w, https:\/\/ancrage-btp.fr\/wp-content\/uploads\/2020\/09\/soutenement-ANCRAGE-768x576.jpg 768w\" sizes=\"(max-width: 960px) 100vw, 960px\" \/><figcaption class=\"wp-element-caption\">R\u00e9alisation d\u2019un sout\u00e8nement en microberlinoise pour stabiliser un glissement de terrain<\/figcaption><\/figure>\n\n\n\n<hr class=\"wp-block-separator has-css-opacity\"\/>\n\n\n\n<figure class=\"wp-block-image alignwide\"><img loading=\"lazy\" decoding=\"async\" width=\"800\" height=\"600\" src=\"https:\/\/ancrage-btp.fr\/wp-content\/uploads\/2020\/05\/Paroi-berlinoise-tirant\u00e9e-ANCRAGE.png\" alt=\"\" class=\"wp-image-497\" srcset=\"https:\/\/ancrage-btp.fr\/wp-content\/uploads\/2020\/05\/Paroi-berlinoise-tirant\u00e9e-ANCRAGE.png 800w, https:\/\/ancrage-btp.fr\/wp-content\/uploads\/2020\/05\/Paroi-berlinoise-tirant\u00e9e-ANCRAGE-300x225.png 300w, https:\/\/ancrage-btp.fr\/wp-content\/uploads\/2020\/05\/Paroi-berlinoise-tirant\u00e9e-ANCRAGE-768x576.png 768w\" sizes=\"(max-width: 800px) 100vw, 800px\" \/><figcaption class=\"wp-element-caption\">R\u00e9alisation d&rsquo;une paroi berlinoise tirant\u00e9e en vue de la construction d&rsquo;une r\u00e9sidence<\/figcaption><\/figure>\n\n\n\n<hr class=\"wp-block-separator has-css-opacity\"\/>\n\n\n\n<figure class=\"wp-block-image alignwide\"><img loading=\"lazy\" decoding=\"async\" width=\"1024\" height=\"768\" src=\"https:\/\/ancrage-btp.fr\/wp-content\/uploads\/2020\/03\/forage-ancrage-passif-paroi-berlinoise-1024x768.jpg\" alt=\"\" class=\"wp-image-487\" srcset=\"https:\/\/ancrage-btp.fr\/wp-content\/uploads\/2020\/03\/forage-ancrage-passif-paroi-berlinoise-1024x768.jpg 1024w, https:\/\/ancrage-btp.fr\/wp-content\/uploads\/2020\/03\/forage-ancrage-passif-paroi-berlinoise-300x225.jpg 300w, https:\/\/ancrage-btp.fr\/wp-content\/uploads\/2020\/03\/forage-ancrage-passif-paroi-berlinoise-768x576.jpg 768w, https:\/\/ancrage-btp.fr\/wp-content\/uploads\/2020\/03\/forage-ancrage-passif-paroi-berlinoise-1568x1176.jpg 1568w, https:\/\/ancrage-btp.fr\/wp-content\/uploads\/2020\/03\/forage-ancrage-passif-paroi-berlinoise.jpg 1600w\" sizes=\"(max-width: 1024px) 100vw, 1024px\" \/><figcaption class=\"wp-element-caption\">Forage d&rsquo;ancrage passif d&rsquo;une paroi berlinoise tirant\u00e9e<\/figcaption><\/figure>\n\n\n\n<hr class=\"wp-block-separator has-css-opacity\"\/>\n\n\n\n<figure class=\"wp-block-image alignwide\"><img loading=\"lazy\" decoding=\"async\" width=\"1024\" height=\"768\" src=\"https:\/\/ancrage-btp.fr\/wp-content\/uploads\/2019\/09\/paroi-cloue\u0301e-1-Web-1024x768.jpg\" alt=\"\" class=\"wp-image-396\" srcset=\"https:\/\/ancrage-btp.fr\/wp-content\/uploads\/2019\/09\/paroi-cloue\u0301e-1-Web-1024x768.jpg 1024w, https:\/\/ancrage-btp.fr\/wp-content\/uploads\/2019\/09\/paroi-cloue\u0301e-1-Web-300x225.jpg 300w, https:\/\/ancrage-btp.fr\/wp-content\/uploads\/2019\/09\/paroi-cloue\u0301e-1-Web-768x576.jpg 768w, https:\/\/ancrage-btp.fr\/wp-content\/uploads\/2019\/09\/paroi-cloue\u0301e-1-Web.jpg 1200w\" sizes=\"(max-width: 1024px) 100vw, 1024px\" \/><figcaption class=\"wp-element-caption\">R\u00e9alisation d&rsquo;une paroi clou\u00e9e pour stabiliser un glissement de terrain<\/figcaption><\/figure>\n\n\n\n<hr class=\"wp-block-separator has-css-opacity\"\/>\n\n\n\n<figure class=\"wp-block-image alignwide\"><img loading=\"lazy\" decoding=\"async\" width=\"1024\" height=\"768\" src=\"https:\/\/ancrage-btp.fr\/wp-content\/uploads\/2019\/09\/berlinoise-5-1-Web-1024x768.jpg\" alt=\"\" class=\"wp-image-387\" srcset=\"https:\/\/ancrage-btp.fr\/wp-content\/uploads\/2019\/09\/berlinoise-5-1-Web-1024x768.jpg 1024w, https:\/\/ancrage-btp.fr\/wp-content\/uploads\/2019\/09\/berlinoise-5-1-Web-300x225.jpg 300w, https:\/\/ancrage-btp.fr\/wp-content\/uploads\/2019\/09\/berlinoise-5-1-Web-768x576.jpg 768w, https:\/\/ancrage-btp.fr\/wp-content\/uploads\/2019\/09\/berlinoise-5-1-Web.jpg 1200w\" sizes=\"(max-width: 1024px) 100vw, 1024px\" \/><figcaption class=\"wp-element-caption\">R\u00e9alisation d&rsquo;une paroi berlinoise avec parement en b\u00e9ton pour stabiliser un glissement de terrain<\/figcaption><\/figure>\n\n\n\n<hr class=\"wp-block-separator has-css-opacity\"\/>\n\n\n\n<figure class=\"wp-block-image alignwide\"><img loading=\"lazy\" decoding=\"async\" width=\"1024\" height=\"768\" src=\"https:\/\/ancrage-btp.fr\/wp-content\/uploads\/2019\/07\/photo-7-1-1024x768.jpg\" alt=\"\" class=\"wp-image-299\" srcset=\"https:\/\/ancrage-btp.fr\/wp-content\/uploads\/2019\/07\/photo-7-1-1024x768.jpg 1024w, https:\/\/ancrage-btp.fr\/wp-content\/uploads\/2019\/07\/photo-7-1-300x225.jpg 300w, https:\/\/ancrage-btp.fr\/wp-content\/uploads\/2019\/07\/photo-7-1-768x576.jpg 768w, https:\/\/ancrage-btp.fr\/wp-content\/uploads\/2019\/07\/photo-7-1-1568x1176.jpg 1568w\" sizes=\"(max-width: 1024px) 100vw, 1024px\" \/><figcaption class=\"wp-element-caption\">Construction d&rsquo;un mur de sout\u00e8nement en b\u00e9ton arm\u00e9, fond\u00e9 sur micropieux<\/figcaption><\/figure>\n\n\n\n<hr class=\"wp-block-separator has-css-opacity\"\/>\n\n\n\n<div class=\"wp-block-columns alignwide has-2-columns is-layout-flex wp-container-core-columns-is-layout-1 wp-block-columns-is-layout-flex\">\n<div class=\"wp-block-column is-layout-flow wp-block-column-is-layout-flow\">\n<p class=\"has-text-align-center has-text-color has-background\" style=\"color:#009c79;background-color:#d8ece6;font-size:15px\"><a href=\"http:\/\/ancrage-btp.fr\/index.php\/nos-metiers\/fondations-speciales\/\">Fondations sp\u00e9ciales<\/a><\/p>\n<\/div>\n\n\n\n<div class=\"wp-block-column is-layout-flow wp-block-column-is-layout-flow\">\n<p class=\"has-text-align-center has-text-color has-background\" style=\"color:#009c79;background-color:#d8ece6;font-size:15px\"><a href=\"http:\/\/ancrage-btp.fr\/index.php\/nos-metiers\/reprise-en-sous-oeuvre\/\">Reprises en sous-\u0153uvre<\/a><\/p>\n<\/div>\n<\/div>\n","protected":false},"excerpt":{"rendered":"<p>ANCRAGE assure l\u2019ex\u00e9cution de sout\u00e8nements provisoires ou d\u00e9finitifs afin de contenir la pouss\u00e9e des terres entre 2 niveaux distincts. Les diff\u00e9rentes techniques de sout\u00e8nements que nous proposons sont les suivantes\u00a0:\u2022 Parois berlinoises\u2022 Parois clou\u00e9es\u2022 Palplanches\u2022 Micropieux tangents\u2022 Parois parisiennes\u2022 Raidissement d\u2019un talus par mise en \u0153uvre d\u2019inclusions L\u2019intervention de nos \u00e9quipes peut se faire en &hellip; <\/p>\n<p class=\"link-more\"><a href=\"https:\/\/ancrage-btp.fr\/index.php\/nos-metiers\/soutenements\/\" class=\"more-link\">Continuer la lecture <span class=\"screen-reader-text\"> \u00ab\u00a0Sout\u00e8nements\u00a0\u00bb<\/span><\/a><\/p>\n","protected":false},"author":1,"featured_media":0,"parent":24,"menu_order":0,"comment_status":"closed","ping_status":"closed","template":"","meta":{"footnotes":""},"class_list":["post-172","page","type-page","status-publish","hentry","entry"],"yoast_head":"<!-- This site is optimized with the Yoast SEO plugin v24.9 - https:\/\/yoast.com\/wordpress\/plugins\/seo\/ -->\n<title>Sout\u00e8nements - Ancrage - Fondations Sp\u00e9ciales<\/title>\n<meta name=\"description\" content=\"ANCRAGE assure l\u2019ex\u00e9cution de sout\u00e8nements provisoires ou d\u00e9finitifs afin de contenir la pouss\u00e9e des terres entre 2 niveaux distincts.\" \/>\n<meta name=\"robots\" content=\"index, follow, max-snippet:-1, max-image-preview:large, max-video-preview:-1\" \/>\n<link rel=\"canonical\" href=\"https:\/\/ancrage-btp.fr\/index.php\/nos-metiers\/soutenements\/\" \/>\n<meta property=\"og:locale\" content=\"fr_FR\" \/>\n<meta property=\"og:type\" content=\"article\" \/>\n<meta property=\"og:title\" content=\"Sout\u00e8nements - Ancrage - Fondations Sp\u00e9ciales\" \/>\n<meta property=\"og:description\" content=\"ANCRAGE assure l\u2019ex\u00e9cution de sout\u00e8nements provisoires ou d\u00e9finitifs afin de contenir la pouss\u00e9e des terres entre 2 niveaux distincts.\" \/>\n<meta property=\"og:url\" content=\"https:\/\/ancrage-btp.fr\/index.php\/nos-metiers\/soutenements\/\" \/>\n<meta property=\"og:site_name\" content=\"Ancrage - Fondations Sp\u00e9ciales\" \/>\n<meta property=\"article:modified_time\" content=\"2025-07-07T09:24:50+00:00\" \/>\n<meta property=\"og:image\" content=\"https:\/\/ancrage-btp.fr\/wp-content\/uploads\/2019\/07\/picto-02-2.png\" \/>\n\t<meta property=\"og:image:width\" content=\"1284\" \/>\n\t<meta property=\"og:image:height\" content=\"996\" \/>\n\t<meta property=\"og:image:type\" content=\"image\/png\" \/>\n<meta name=\"twitter:card\" content=\"summary_large_image\" \/>\n<meta name=\"twitter:label1\" content=\"Dur\u00e9e de lecture estim\u00e9e\" \/>\n\t<meta name=\"twitter:data1\" content=\"4 minutes\" \/>\n<script type=\"application\/ld+json\" class=\"yoast-schema-graph\">{\"@context\":\"https:\/\/schema.org\",\"@graph\":[{\"@type\":\"WebPage\",\"@id\":\"https:\/\/ancrage-btp.fr\/index.php\/nos-metiers\/soutenements\/\",\"url\":\"https:\/\/ancrage-btp.fr\/index.php\/nos-metiers\/soutenements\/\",\"name\":\"Sout\u00e8nements - Ancrage - Fondations Sp\u00e9ciales\",\"isPartOf\":{\"@id\":\"https:\/\/ancrage-btp.fr\/#website\"},\"primaryImageOfPage\":{\"@id\":\"https:\/\/ancrage-btp.fr\/index.php\/nos-metiers\/soutenements\/#primaryimage\"},\"image\":{\"@id\":\"https:\/\/ancrage-btp.fr\/index.php\/nos-metiers\/soutenements\/#primaryimage\"},\"thumbnailUrl\":\"http:\/\/ancrage-btp.fr\/wp-content\/uploads\/2019\/07\/picto-02-2.png\",\"datePublished\":\"2019-07-12T19:47:18+00:00\",\"dateModified\":\"2025-07-07T09:24:50+00:00\",\"description\":\"ANCRAGE assure l\u2019ex\u00e9cution de sout\u00e8nements provisoires ou d\u00e9finitifs afin de contenir la pouss\u00e9e des terres entre 2 niveaux distincts.\",\"breadcrumb\":{\"@id\":\"https:\/\/ancrage-btp.fr\/index.php\/nos-metiers\/soutenements\/#breadcrumb\"},\"inLanguage\":\"fr-FR\",\"potentialAction\":[{\"@type\":\"ReadAction\",\"target\":[\"https:\/\/ancrage-btp.fr\/index.php\/nos-metiers\/soutenements\/\"]}]},{\"@type\":\"ImageObject\",\"inLanguage\":\"fr-FR\",\"@id\":\"https:\/\/ancrage-btp.fr\/index.php\/nos-metiers\/soutenements\/#primaryimage\",\"url\":\"https:\/\/ancrage-btp.fr\/wp-content\/uploads\/2019\/07\/picto-02-2.png\",\"contentUrl\":\"https:\/\/ancrage-btp.fr\/wp-content\/uploads\/2019\/07\/picto-02-2.png\",\"width\":1284,\"height\":996},{\"@type\":\"BreadcrumbList\",\"@id\":\"https:\/\/ancrage-btp.fr\/index.php\/nos-metiers\/soutenements\/#breadcrumb\",\"itemListElement\":[{\"@type\":\"ListItem\",\"position\":1,\"name\":\"Accueil\",\"item\":\"https:\/\/ancrage-btp.fr\/\"},{\"@type\":\"ListItem\",\"position\":2,\"name\":\"Nos m\u00e9tiers\",\"item\":\"https:\/\/ancrage-btp.fr\/index.php\/nos-metiers\/\"},{\"@type\":\"ListItem\",\"position\":3,\"name\":\"Sout\u00e8nements\"}]},{\"@type\":\"WebSite\",\"@id\":\"https:\/\/ancrage-btp.fr\/#website\",\"url\":\"https:\/\/ancrage-btp.fr\/\",\"name\":\"Ancrage - Fondations Sp\u00e9ciales\",\"description\":\"05 59 59 35 38 \u2022 contact@ancrage-btp.fr \u2022 474, Lan Eremuko Bidea \u2022 ZAC Duboscoa 2 \u2022 64990 Villefranque\",\"publisher\":{\"@id\":\"https:\/\/ancrage-btp.fr\/#organization\"},\"potentialAction\":[{\"@type\":\"SearchAction\",\"target\":{\"@type\":\"EntryPoint\",\"urlTemplate\":\"https:\/\/ancrage-btp.fr\/?s={search_term_string}\"},\"query-input\":{\"@type\":\"PropertyValueSpecification\",\"valueRequired\":true,\"valueName\":\"search_term_string\"}}],\"inLanguage\":\"fr-FR\"},{\"@type\":\"Organization\",\"@id\":\"https:\/\/ancrage-btp.fr\/#organization\",\"name\":\"Ancrage - Fondations Sp\u00e9ciales\",\"url\":\"https:\/\/ancrage-btp.fr\/\",\"logo\":{\"@type\":\"ImageObject\",\"inLanguage\":\"fr-FR\",\"@id\":\"https:\/\/ancrage-btp.fr\/#\/schema\/logo\/image\/\",\"url\":\"https:\/\/ancrage-btp.fr\/wp-content\/uploads\/2019\/07\/cropped-Ancrage-CMJN-Contour-Baseline.png\",\"contentUrl\":\"https:\/\/ancrage-btp.fr\/wp-content\/uploads\/2019\/07\/cropped-Ancrage-CMJN-Contour-Baseline.png\",\"width\":496,\"height\":180,\"caption\":\"Ancrage - Fondations Sp\u00e9ciales\"},\"image\":{\"@id\":\"https:\/\/ancrage-btp.fr\/#\/schema\/logo\/image\/\"}}]}<\/script>\n<!-- \/ Yoast SEO plugin. -->","yoast_head_json":{"title":"Sout\u00e8nements - Ancrage - Fondations Sp\u00e9ciales","description":"ANCRAGE assure l\u2019ex\u00e9cution de sout\u00e8nements provisoires ou d\u00e9finitifs afin de contenir la pouss\u00e9e des terres entre 2 niveaux distincts.","robots":{"index":"index","follow":"follow","max-snippet":"max-snippet:-1","max-image-preview":"max-image-preview:large","max-video-preview":"max-video-preview:-1"},"canonical":"https:\/\/ancrage-btp.fr\/index.php\/nos-metiers\/soutenements\/","og_locale":"fr_FR","og_type":"article","og_title":"Sout\u00e8nements - Ancrage - Fondations Sp\u00e9ciales","og_description":"ANCRAGE assure l\u2019ex\u00e9cution de sout\u00e8nements provisoires ou d\u00e9finitifs afin de contenir la pouss\u00e9e des terres entre 2 niveaux distincts.","og_url":"https:\/\/ancrage-btp.fr\/index.php\/nos-metiers\/soutenements\/","og_site_name":"Ancrage - Fondations Sp\u00e9ciales","article_modified_time":"2025-07-07T09:24:50+00:00","og_image":[{"width":1284,"height":996,"url":"https:\/\/ancrage-btp.fr\/wp-content\/uploads\/2019\/07\/picto-02-2.png","type":"image\/png"}],"twitter_card":"summary_large_image","twitter_misc":{"Dur\u00e9e de lecture estim\u00e9e":"4 minutes"},"schema":{"@context":"https:\/\/schema.org","@graph":[{"@type":"WebPage","@id":"https:\/\/ancrage-btp.fr\/index.php\/nos-metiers\/soutenements\/","url":"https:\/\/ancrage-btp.fr\/index.php\/nos-metiers\/soutenements\/","name":"Sout\u00e8nements - Ancrage - Fondations Sp\u00e9ciales","isPartOf":{"@id":"https:\/\/ancrage-btp.fr\/#website"},"primaryImageOfPage":{"@id":"https:\/\/ancrage-btp.fr\/index.php\/nos-metiers\/soutenements\/#primaryimage"},"image":{"@id":"https:\/\/ancrage-btp.fr\/index.php\/nos-metiers\/soutenements\/#primaryimage"},"thumbnailUrl":"http:\/\/ancrage-btp.fr\/wp-content\/uploads\/2019\/07\/picto-02-2.png","datePublished":"2019-07-12T19:47:18+00:00","dateModified":"2025-07-07T09:24:50+00:00","description":"ANCRAGE assure l\u2019ex\u00e9cution de sout\u00e8nements provisoires ou d\u00e9finitifs afin de contenir la pouss\u00e9e des terres entre 2 niveaux distincts.","breadcrumb":{"@id":"https:\/\/ancrage-btp.fr\/index.php\/nos-metiers\/soutenements\/#breadcrumb"},"inLanguage":"fr-FR","potentialAction":[{"@type":"ReadAction","target":["https:\/\/ancrage-btp.fr\/index.php\/nos-metiers\/soutenements\/"]}]},{"@type":"ImageObject","inLanguage":"fr-FR","@id":"https:\/\/ancrage-btp.fr\/index.php\/nos-metiers\/soutenements\/#primaryimage","url":"https:\/\/ancrage-btp.fr\/wp-content\/uploads\/2019\/07\/picto-02-2.png","contentUrl":"https:\/\/ancrage-btp.fr\/wp-content\/uploads\/2019\/07\/picto-02-2.png","width":1284,"height":996},{"@type":"BreadcrumbList","@id":"https:\/\/ancrage-btp.fr\/index.php\/nos-metiers\/soutenements\/#breadcrumb","itemListElement":[{"@type":"ListItem","position":1,"name":"Accueil","item":"https:\/\/ancrage-btp.fr\/"},{"@type":"ListItem","position":2,"name":"Nos m\u00e9tiers","item":"https:\/\/ancrage-btp.fr\/index.php\/nos-metiers\/"},{"@type":"ListItem","position":3,"name":"Sout\u00e8nements"}]},{"@type":"WebSite","@id":"https:\/\/ancrage-btp.fr\/#website","url":"https:\/\/ancrage-btp.fr\/","name":"Ancrage - Fondations Sp\u00e9ciales","description":"05 59 59 35 38 \u2022 contact@ancrage-btp.fr \u2022 474, Lan Eremuko Bidea \u2022 ZAC Duboscoa 2 \u2022 64990 Villefranque","publisher":{"@id":"https:\/\/ancrage-btp.fr\/#organization"},"potentialAction":[{"@type":"SearchAction","target":{"@type":"EntryPoint","urlTemplate":"https:\/\/ancrage-btp.fr\/?s={search_term_string}"},"query-input":{"@type":"PropertyValueSpecification","valueRequired":true,"valueName":"search_term_string"}}],"inLanguage":"fr-FR"},{"@type":"Organization","@id":"https:\/\/ancrage-btp.fr\/#organization","name":"Ancrage - Fondations Sp\u00e9ciales","url":"https:\/\/ancrage-btp.fr\/","logo":{"@type":"ImageObject","inLanguage":"fr-FR","@id":"https:\/\/ancrage-btp.fr\/#\/schema\/logo\/image\/","url":"https:\/\/ancrage-btp.fr\/wp-content\/uploads\/2019\/07\/cropped-Ancrage-CMJN-Contour-Baseline.png","contentUrl":"https:\/\/ancrage-btp.fr\/wp-content\/uploads\/2019\/07\/cropped-Ancrage-CMJN-Contour-Baseline.png","width":496,"height":180,"caption":"Ancrage - Fondations Sp\u00e9ciales"},"image":{"@id":"https:\/\/ancrage-btp.fr\/#\/schema\/logo\/image\/"}}]}},"_links":{"self":[{"href":"https:\/\/ancrage-btp.fr\/index.php\/wp-json\/wp\/v2\/pages\/172"}],"collection":[{"href":"https:\/\/ancrage-btp.fr\/index.php\/wp-json\/wp\/v2\/pages"}],"about":[{"href":"https:\/\/ancrage-btp.fr\/index.php\/wp-json\/wp\/v2\/types\/page"}],"author":[{"embeddable":true,"href":"https:\/\/ancrage-btp.fr\/index.php\/wp-json\/wp\/v2\/users\/1"}],"replies":[{"embeddable":true,"href":"https:\/\/ancrage-btp.fr\/index.php\/wp-json\/wp\/v2\/comments?post=172"}],"version-history":[{"count":38,"href":"https:\/\/ancrage-btp.fr\/index.php\/wp-json\/wp\/v2\/pages\/172\/revisions"}],"predecessor-version":[{"id":814,"href":"https:\/\/ancrage-btp.fr\/index.php\/wp-json\/wp\/v2\/pages\/172\/revisions\/814"}],"up":[{"embeddable":true,"href":"https:\/\/ancrage-btp.fr\/index.php\/wp-json\/wp\/v2\/pages\/24"}],"wp:attachment":[{"href":"https:\/\/ancrage-btp.fr\/index.php\/wp-json\/wp\/v2\/media?parent=172"}],"curies":[{"name":"wp","href":"https:\/\/api.w.org\/{rel}","templated":true}]}}